{"id":11020,"date":"2024-12-31T02:02:34","date_gmt":"2024-12-31T01:02:34","guid":{"rendered":"https:\/\/kobietamiesiaca.pl\/?page_id=11020"},"modified":"2026-04-01T11:03:49","modified_gmt":"2026-04-01T09:03:49","slug":"test","status":"publish","type":"page","link":"https:\/\/app.kobietamiesiaca.pl\/?page_id=11020","title":{"rendered":"Strona G\u0142\u00f3wna (niezalogowani)"},"content":{"rendered":"\n<hr class=\"wp-block-separator has-alpha-channel-opacity is-style-wide\"\/>\n\n\n\n<p class=\"has-text-align-center\"><em><strong>Witaj w aplikacji Kobieta Miesi\u0105ca!<\/strong><\/em><\/p>\n\n\n\n<h4 class=\"wp-block-heading has-text-align-center\"><em><strong><em><strong><em><strong><em><strong><em><strong><em><strong><em><strong>Trwaj\u0105 zg\u0142oszenia do kwietniowej edycji Plebiscytu Kobieta Miesi\u0105ca!<\/strong><\/em><\/strong><\/em><\/strong><\/em><\/strong><\/em><\/strong><\/em><\/strong><\/em><\/strong><\/em><\/h4>\n\n\n\n<p class=\"has-text-align-center\"><em><em><em><em><em><em><em><em><em><em><em><em><em><em><em><em><em><em><em><em><em><em><em>Zapraszamy do wzi\u0119cia udzia\u0142u w kwietniowej edycji Plebiscytu &#8211; przestrzeni, w kt\u00f3rej doceniamy si\u0142\u0119, odwag\u0119 i autentyczno\u015b\u0107. Mo\u017ce to b\u0119dzie w\u0142a\u015bnie Tw\u00f3j czas? <\/em><\/em><\/em><\/em><\/em><\/em><\/em><\/em><\/em><\/em><\/em><\/em><\/em><\/em><\/em><\/em><\/em><\/em><\/em><\/em><\/em><\/em><\/em><\/p>\n\n\n\n<p class=\"has-text-align-center\"><em><em><em><em><em><em><em><em><em><em><em><em><em><em><em><em><em><em>Zg\u0142oszenia przyjmujemy jeszcze przez:<\/em><\/em><\/em><\/em><\/em><\/em><\/em><\/em><\/em><\/em><\/em><\/em><\/em><\/em><\/em><\/em><\/em><\/em><\/p>\n\n\n\n\n\n\n<hr class=\"wp-block-separator has-alpha-channel-opacity is-style-default\"\/>\n\n\n\n<div class=\"wp-block-buttons is-content-justification-center is-nowrap is-layout-flex wp-container-core-buttons-is-layout-1fb9aab6 wp-block-buttons-is-layout-flex\">\n<div class=\"wp-block-button\"><a class=\"wp-block-button__link has-text-align-center wp-element-button\" href=\"https:\/\/kobietamiesiaca.pl\/?cat=183\"><strong><em>Zobacz archiwum<\/em><\/strong><\/a><\/div>\n\n\n\n<div class=\"wp-block-button\"><a class=\"wp-block-button__link has-text-align-center wp-element-button\" href=\"https:\/\/app.kobietamiesiaca.pl\/?page_id=13567\"><em><strong>Dowiedz si\u0119 wi\u0119cej<\/strong><\/em><\/a><\/div>\n<\/div>\n\n\n\n<div class=\"wp-block-buttons is-content-justification-center is-layout-flex wp-container-core-buttons-is-layout-16018d1d wp-block-buttons-is-layout-flex\">\n<div class=\"wp-block-button is-style-outline is-style-outline--1\"><a class=\"wp-block-button__link has-medium-font-size has-text-align-center has-custom-font-size wp-element-button\" href=\"https:\/\/app.kobietamiesiaca.pl\/?page_id=5940\"><strong><em>Logowanie<\/em><\/strong><\/a><\/div>\n\n\n\n<div class=\"wp-block-button is-style-outline is-style-outline--2\"><a class=\"wp-block-button__link has-medium-font-size has-text-align-center has-custom-font-size wp-element-button\" href=\"https:\/\/app.kobietamiesiaca.pl\/?page_id=5941\"><strong><em>Rejestracja<\/em><\/strong><\/a><\/div>\n<\/div>\n","protected":false},"excerpt":{"rendered":"<p>Witaj w aplikacji Kobieta Miesi\u0105ca! Trwaj\u0105 zg\u0142oszenia do kwietniowej edycji Plebiscytu Kobieta Miesi\u0105ca! Zapraszamy do wzi\u0119cia udzia\u0142u w kwietniowej edycji Plebiscytu &#8211; przestrzeni, w kt\u00f3rej doceniamy si\u0142\u0119, odwag\u0119 i autentyczno\u015b\u0107. Mo\u017ce to b\u0119dzie w\u0142a\u015bnie Tw\u00f3j czas? Zg\u0142oszenia przyjmujemy jeszcze przez:<\/p>\n","protected":false},"author":1,"featured_media":0,"parent":0,"menu_order":0,"comment_status":"closed","ping_status":"closed","template":"","meta":{"_kad_post_transparent":"","_kad_post_title":"","_kad_post_layout":"","_kad_post_sidebar_id":"","_kad_post_content_style":"","_kad_post_vertical_padding":"","_kad_post_feature":"","_kad_post_feature_position":"","_kad_post_header":false,"_kad_post_footer":false,"_kad_post_classname":"","cybocfi_hide_featured_image":"yes","footnotes":""},"class_list":["post-11020","page","type-page","status-publish","hentry"],"_links":{"self":[{"href":"https:\/\/app.kobietamiesiaca.pl\/index.php?rest_route=\/wp\/v2\/pages\/11020","targetHints":{"allow":["GET"]}}],"collection":[{"href":"https:\/\/app.kobietamiesiaca.pl\/index.php?rest_route=\/wp\/v2\/pages"}],"about":[{"href":"https:\/\/app.kobietamiesiaca.pl\/index.php?rest_route=\/wp\/v2\/types\/page"}],"author":[{"embeddable":true,"href":"https:\/\/app.kobietamiesiaca.pl\/index.php?rest_route=\/wp\/v2\/users\/1"}],"replies":[{"embeddable":true,"href":"https:\/\/app.kobietamiesiaca.pl\/index.php?rest_route=%2Fwp%2Fv2%2Fcomments&post=11020"}],"version-history":[{"count":139,"href":"https:\/\/app.kobietamiesiaca.pl\/index.php?rest_route=\/wp\/v2\/pages\/11020\/revisions"}],"predecessor-version":[{"id":14519,"href":"https:\/\/app.kobietamiesiaca.pl\/index.php?rest_route=\/wp\/v2\/pages\/11020\/revisions\/14519"}],"wp:attachment":[{"href":"https:\/\/app.kobietamiesiaca.pl\/index.php?rest_route=%2Fwp%2Fv2%2Fmedia&parent=11020"}],"curies":[{"name":"wp","href":"https:\/\/api.w.org\/{rel}","templated":true}]}}